{"id":312,"date":"2020-08-26T12:13:39","date_gmt":"2020-08-26T16:13:39","guid":{"rendered":"http:\/\/localhost\/saam\/"},"modified":"2023-05-31T08:56:25","modified_gmt":"2023-05-31T12:56:25","slug":"msas","status":"publish","type":"page","link":"https:\/\/svnb.ca\/fr\/msas\/","title":{"rendered":"Mois de la sensibilisation \u00e0 la violence sexuelle"},"content":{"rendered":"\n<h2 class=\"wp-block-heading\">MAI EST LE MOIS DE LA SENSIBILISATION \u00c0 LA VIOLENCE SEXUELLE<\/h2>\n\n\n\n<p>Le Mois de la sensibilisation \u00e0 la violence sexuelle a lieu dans toute la province pour amener les membres de nos communaut\u00e9s \u00e0 prendre conscience de ce probl\u00e8me et du fait que les personnes touch\u00e9es par une agression sexuelle ont besoin de soutien et de services.&nbsp; Toutes les communaut\u00e9s du Nouveau-Brunswick ont le pouvoir de cr\u00e9er un milieu favorable et r\u00e9ceptif pour les survivant\u2219es de violence sexuelle. Violence sexuelle Nouveau-Brunswick collabore avec les communaut\u00e9s, les fournisseurs de services et le gouvernement, dans toute la province, pour aborder la question de la violence sexuelle et y apporter des r\u00e9ponses.<\/p>\n\n\n\n<h6 class=\"wp-block-heading\"><a href=\"https:\/\/www.dropbox.com\/sh\/uytxd2aye7kqsch\/AAAkem3jrumdm0NCEve6pDH6a?dl=0\"><strong>Voir les campagnes<\/strong><\/a><\/h6>\n","protected":false},"excerpt":{"rendered":"<p>MAI EST LE MOIS DE LA SENSIBILISATION \u00c0 LA VIOLENCE SEXUELLE Le Mois de la sensibilisation \u00e0 la violence sexuelle a lieu dans toute la province pour amener les membres de nos communaut\u00e9s \u00e0 prendre conscience de ce probl\u00e8me et du fait que les personnes touch\u00e9es par une agression sexuelle ont besoin de soutien et <a href=\"https:\/\/svnb.ca\/fr\/msas\/\" class=\"more-link\">&#8230;<\/a><\/p>\n","protected":false},"author":1,"featured_media":0,"parent":0,"menu_order":0,"comment_status":"closed","ping_status":"closed","template":"","meta":{"_acf_changed":false,"inline_featured_image":false,"footnotes":""},"class_list":["post-312","page","type-page","status-publish","hentry"],"acf":[],"yoast_head":"<!-- This site is optimized with the Yoast SEO plugin v27.4 - https:\/\/yoast.com\/product\/yoast-seo-wordpress\/ -->\n<title>Mois de la sensibilisation \u00e0 la violence sexuelle - Sexual Violence New Brunswick<\/title>\n<meta name=\"robots\" content=\"index, follow, max-snippet:-1, max-image-preview:large, max-video-preview:-1\" \/>\n<link rel=\"canonical\" href=\"https:\/\/svnb.ca\/fr\/msas\/\" \/>\n<meta property=\"og:locale\" content=\"fr_FR\" \/>\n<meta property=\"og:type\" content=\"article\" \/>\n<meta property=\"og:title\" content=\"Mois de la sensibilisation \u00e0 la violence sexuelle - Sexual Violence New Brunswick\" \/>\n<meta property=\"og:description\" content=\"MAI EST LE MOIS DE LA SENSIBILISATION \u00c0 LA VIOLENCE SEXUELLE Le Mois de la sensibilisation \u00e0 la violence sexuelle a lieu dans toute la province pour amener les membres de nos communaut\u00e9s \u00e0 prendre conscience de ce probl\u00e8me et du fait que les personnes touch\u00e9es par une agression sexuelle ont besoin de soutien et ...\" \/>\n<meta property=\"og:url\" content=\"https:\/\/svnb.ca\/fr\/msas\/\" \/>\n<meta property=\"og:site_name\" content=\"Sexual Violence New Brunswick\" \/>\n<meta property=\"article:modified_time\" content=\"2023-05-31T12:56:25+00:00\" \/>\n<meta name=\"twitter:card\" content=\"summary_large_image\" \/>\n<meta name=\"twitter:label1\" content=\"Dur\u00e9e de lecture estim\u00e9e\" \/>\n\t<meta name=\"twitter:data1\" content=\"1 minute\" \/>\n<script type=\"application\/ld+json\" class=\"yoast-schema-graph\">{\"@context\":\"https:\\\/\\\/schema.org\",\"@graph\":[{\"@type\":\"WebPage\",\"@id\":\"https:\\\/\\\/svnb.ca\\\/fr\\\/msas\\\/\",\"url\":\"https:\\\/\\\/svnb.ca\\\/fr\\\/msas\\\/\",\"name\":\"Mois de la sensibilisation \u00e0 la violence sexuelle - Sexual Violence New Brunswick\",\"isPartOf\":{\"@id\":\"https:\\\/\\\/svnb.ca\\\/fr\\\/#website\"},\"datePublished\":\"2020-08-26T16:13:39+00:00\",\"dateModified\":\"2023-05-31T12:56:25+00:00\",\"breadcrumb\":{\"@id\":\"https:\\\/\\\/svnb.ca\\\/fr\\\/msas\\\/#breadcrumb\"},\"inLanguage\":\"fr-FR\",\"potentialAction\":[{\"@type\":\"ReadAction\",\"target\":[\"https:\\\/\\\/svnb.ca\\\/fr\\\/msas\\\/\"]}]},{\"@type\":\"BreadcrumbList\",\"@id\":\"https:\\\/\\\/svnb.ca\\\/fr\\\/msas\\\/#breadcrumb\",\"itemListElement\":[{\"@type\":\"ListItem\",\"position\":1,\"name\":\"Home\",\"item\":\"https:\\\/\\\/svnb.ca\\\/fr\\\/\"},{\"@type\":\"ListItem\",\"position\":2,\"name\":\"Mois de la sensibilisation \u00e0 la violence sexuelle\"}]},{\"@type\":\"WebSite\",\"@id\":\"https:\\\/\\\/svnb.ca\\\/fr\\\/#website\",\"url\":\"https:\\\/\\\/svnb.ca\\\/fr\\\/\",\"name\":\"Sexual Violence New Brunswick\",\"description\":\"Our mission is to provide information, support, and counselling to those affected by sexual violence and dating violence.\",\"publisher\":{\"@id\":\"https:\\\/\\\/svnb.ca\\\/fr\\\/#organization\"},\"potentialAction\":[{\"@type\":\"SearchAction\",\"target\":{\"@type\":\"EntryPoint\",\"urlTemplate\":\"https:\\\/\\\/svnb.ca\\\/fr\\\/?s={search_term_string}\"},\"query-input\":{\"@type\":\"PropertyValueSpecification\",\"valueRequired\":true,\"valueName\":\"search_term_string\"}}],\"inLanguage\":\"fr-FR\"},{\"@type\":\"Organization\",\"@id\":\"https:\\\/\\\/svnb.ca\\\/fr\\\/#organization\",\"name\":\"Sexual Violence New Brunswick\",\"alternateName\":\"SVNB\",\"url\":\"https:\\\/\\\/svnb.ca\\\/fr\\\/\",\"logo\":{\"@type\":\"ImageObject\",\"inLanguage\":\"fr-FR\",\"@id\":\"https:\\\/\\\/svnb.ca\\\/fr\\\/#\\\/schema\\\/logo\\\/image\\\/\",\"url\":\"https:\\\/\\\/svnb.ca\\\/wp-content\\\/uploads\\\/2023\\\/07\\\/SVNB-logo-PRINT-BIL.svg\",\"contentUrl\":\"https:\\\/\\\/svnb.ca\\\/wp-content\\\/uploads\\\/2023\\\/07\\\/SVNB-logo-PRINT-BIL.svg\",\"width\":\"1024\",\"height\":\"1024\",\"caption\":\"Sexual Violence New Brunswick\"},\"image\":{\"@id\":\"https:\\\/\\\/svnb.ca\\\/fr\\\/#\\\/schema\\\/logo\\\/image\\\/\"}}]}<\/script>\n<!-- \/ Yoast SEO plugin. -->","yoast_head_json":{"title":"Mois de la sensibilisation \u00e0 la violence sexuelle - Sexual Violence New Brunswick","robots":{"index":"index","follow":"follow","max-snippet":"max-snippet:-1","max-image-preview":"max-image-preview:large","max-video-preview":"max-video-preview:-1"},"canonical":"https:\/\/svnb.ca\/fr\/msas\/","og_locale":"fr_FR","og_type":"article","og_title":"Mois de la sensibilisation \u00e0 la violence sexuelle - Sexual Violence New Brunswick","og_description":"MAI EST LE MOIS DE LA SENSIBILISATION \u00c0 LA VIOLENCE SEXUELLE Le Mois de la sensibilisation \u00e0 la violence sexuelle a lieu dans toute la province pour amener les membres de nos communaut\u00e9s \u00e0 prendre conscience de ce probl\u00e8me et du fait que les personnes touch\u00e9es par une agression sexuelle ont besoin de soutien et ...","og_url":"https:\/\/svnb.ca\/fr\/msas\/","og_site_name":"Sexual Violence New Brunswick","article_modified_time":"2023-05-31T12:56:25+00:00","twitter_card":"summary_large_image","twitter_misc":{"Dur\u00e9e de lecture estim\u00e9e":"1 minute"},"schema":{"@context":"https:\/\/schema.org","@graph":[{"@type":"WebPage","@id":"https:\/\/svnb.ca\/fr\/msas\/","url":"https:\/\/svnb.ca\/fr\/msas\/","name":"Mois de la sensibilisation \u00e0 la violence sexuelle - Sexual Violence New Brunswick","isPartOf":{"@id":"https:\/\/svnb.ca\/fr\/#website"},"datePublished":"2020-08-26T16:13:39+00:00","dateModified":"2023-05-31T12:56:25+00:00","breadcrumb":{"@id":"https:\/\/svnb.ca\/fr\/msas\/#breadcrumb"},"inLanguage":"fr-FR","potentialAction":[{"@type":"ReadAction","target":["https:\/\/svnb.ca\/fr\/msas\/"]}]},{"@type":"BreadcrumbList","@id":"https:\/\/svnb.ca\/fr\/msas\/#breadcrumb","itemListElement":[{"@type":"ListItem","position":1,"name":"Home","item":"https:\/\/svnb.ca\/fr\/"},{"@type":"ListItem","position":2,"name":"Mois de la sensibilisation \u00e0 la violence sexuelle"}]},{"@type":"WebSite","@id":"https:\/\/svnb.ca\/fr\/#website","url":"https:\/\/svnb.ca\/fr\/","name":"Sexual Violence New Brunswick","description":"Our mission is to provide information, support, and counselling to those affected by sexual violence and dating violence.","publisher":{"@id":"https:\/\/svnb.ca\/fr\/#organization"},"potentialAction":[{"@type":"SearchAction","target":{"@type":"EntryPoint","urlTemplate":"https:\/\/svnb.ca\/fr\/?s={search_term_string}"},"query-input":{"@type":"PropertyValueSpecification","valueRequired":true,"valueName":"search_term_string"}}],"inLanguage":"fr-FR"},{"@type":"Organization","@id":"https:\/\/svnb.ca\/fr\/#organization","name":"Sexual Violence New Brunswick","alternateName":"SVNB","url":"https:\/\/svnb.ca\/fr\/","logo":{"@type":"ImageObject","inLanguage":"fr-FR","@id":"https:\/\/svnb.ca\/fr\/#\/schema\/logo\/image\/","url":"https:\/\/svnb.ca\/wp-content\/uploads\/2023\/07\/SVNB-logo-PRINT-BIL.svg","contentUrl":"https:\/\/svnb.ca\/wp-content\/uploads\/2023\/07\/SVNB-logo-PRINT-BIL.svg","width":"1024","height":"1024","caption":"Sexual Violence New Brunswick"},"image":{"@id":"https:\/\/svnb.ca\/fr\/#\/schema\/logo\/image\/"}}]}},"_links":{"self":[{"href":"https:\/\/svnb.ca\/fr\/wp-json\/wp\/v2\/pages\/312","targetHints":{"allow":["GET"]}}],"collection":[{"href":"https:\/\/svnb.ca\/fr\/wp-json\/wp\/v2\/pages"}],"about":[{"href":"https:\/\/svnb.ca\/fr\/wp-json\/wp\/v2\/types\/page"}],"author":[{"embeddable":true,"href":"https:\/\/svnb.ca\/fr\/wp-json\/wp\/v2\/users\/1"}],"replies":[{"embeddable":true,"href":"https:\/\/svnb.ca\/fr\/wp-json\/wp\/v2\/comments?post=312"}],"version-history":[{"count":6,"href":"https:\/\/svnb.ca\/fr\/wp-json\/wp\/v2\/pages\/312\/revisions"}],"predecessor-version":[{"id":886,"href":"https:\/\/svnb.ca\/fr\/wp-json\/wp\/v2\/pages\/312\/revisions\/886"}],"wp:attachment":[{"href":"https:\/\/svnb.ca\/fr\/wp-json\/wp\/v2\/media?parent=312"}],"curies":[{"name":"wp","href":"https:\/\/api.w.org\/{rel}","templated":true}]}}